{"id":10,"date":"2020-09-25T17:24:51","date_gmt":"2020-09-25T20:24:51","guid":{"rendered":"http:\/\/aprender.sejus.df.gov.br\/?page_id=10"},"modified":"2023-05-24T12:21:52","modified_gmt":"2023-05-24T15:21:52","slug":"instrutores","status":"publish","type":"page","link":"https:\/\/aprender.sejus.df.gov.br\/?page_id=10","title":{"rendered":"Instrutores"},"content":{"rendered":"\n<div class=\"wp-container-3 wp-block-columns\">\n<div class=\"wp-container-1 wp-block-column is-vertically-aligned-center\" style=\"flex-basis:33.33%\">\n<div class=\"p-4\"><img class=\"rounded\" src=\"\/wp-content\/themes\/tema-aprender\/img\/instrutor-1.jpg\" width=\"100%\"><\/div>\n<\/div>\n\n\n\n<div class=\"wp-container-2 wp-block-column is-vertically-aligned-center\" style=\"flex-basis:66.66%\">\n<div class=\"p-4\">\n<div class=\"nome-instrutor\">Marina da Guarda<\/div>\n<div class=\"descricao-instrutor hr-amarelo-top\">Graduada em Pedagogia pela Faculdade Fortium (2008). Exerce o cargo de Especialista Socioeducativo &#8211; \u00c1rea: Pedagogia e atualmente est\u00e1 como Gerente de An\u00e1lise Funcional e Desenvolvimento de Carreira na Secretaria de Justi\u00e7a do DF. Tem experi\u00eancia na \u00e1rea de educa\u00e7\u00e3o, \u00e9 criadora do canal \u201cMeu Dinheiro e Eu\u201d e palestrante na \u00e1rea de Educa\u00e7\u00e3o Financeira.<\/div>\n<\/div>\n<\/div>\n<\/div>\n\n\n\n<div class=\"wp-container-6 wp-block-columns\">\n<div class=\"wp-container-4 wp-block-column is-vertically-aligned-center\" style=\"flex-basis:33.33%\">\n<div class=\"p-4\"><img class=\"rounded\" src=\"\/wp-content\/themes\/tema-aprender\/img\/instrutor-2.png\" width=\"100%\"><\/div>\n<\/div>\n\n\n\n<div class=\"wp-container-5 wp-block-column is-vertically-aligned-center\" style=\"flex-basis:66.66%\">\n<div class=\"p-4\">\n<div class=\"nome-instrutor\">Ot\u00e1vio Guimar\u00e3es<\/div>\n<div class=\"descricao-instrutor hr-amarelo-top\">Formado em Psicologia pela Universidade de Bras\u00edlia (2008). P\u00f3s-graduado em Avalia\u00e7\u00e3o Psicol\u00f3gica pela Faculdade Arthur Tomas. Exerce o cargo de Especialista Socioeducativo &#8211; \u00c1rea: Psicologia, com lota\u00e7\u00e3o na Ger\u00eancia de Sa\u00fade na Unidade de Interna\u00e7\u00e3o do Recanto das Emas (Sejus). Desde 2017, ministra palestras em institui\u00e7\u00f5es religiosas em temas relacionados a conjugalidade e preven\u00e7\u00e3o em sa\u00fade mental. Atualmente, \u00e9 instrutor da Secretaria de Justi\u00e7a e da Escola de Governo do Distrito Federal em cursos na \u00e1rea da Psicologia Positiva.<\/div>\n<\/div>\n<\/div>\n<\/div>\n\n\n\n<div class=\"wp-container-9 wp-block-columns are-vertically-aligned-center\">\n<div class=\"wp-container-7 wp-block-column is-vertically-aligned-center\" style=\"flex-basis:33.33%\">\n<div class=\"p-4\"><img class=\"rounded\" src=\"https:\/\/aprender.sejus.df.gov.br\/wp-content\/uploads\/2021\/08\/WhatsApp-Image-2020-11-19-at-11.32.59_2-769x1024.jpg\" width=\"100%\"><\/div>\n<\/div>\n\n\n\n<div class=\"wp-container-8 wp-block-column is-vertically-aligned-center\" style=\"flex-basis:66.66%\">\n<div class=\"p-4\">\n<div class=\"nome-instrutor\">N\u00fabia Lima<\/div>\n<div class=\"descricao-instrutor hr-amarelo-top\">Formada em Servi\u00e7o Social pela Universidade Cat\u00f3lica de Bras\u00edlia. P\u00f3s-graduada em Gest\u00e3o P\u00fablica. Exerce o cargo de Agente Socioeducativo na Secretaria de Justi\u00e7a do DF desde 2012. Tem experi\u00eancia em doc\u00eancia no ensino superior e em media\u00e7\u00e3o de conflitos familiares e escolares. Atua como palestrante de pr\u00e1ticas de Comunica\u00e7\u00e3o N\u00e3o Violenta (CNV) junto a comunidades, institui\u00e7\u00f5es filantr\u00f3picas e organiza\u00e7\u00f5es p\u00fablicas e privadas. Desde 2019, est\u00e1 como facilitadora do curso de \u201cRela\u00e7\u00f5es Aut\u00eanticas \u2013 baseado no Comunica\u00e7\u00e3o N\u00e3o Violenta\u201d, ofertado pela Escola de Governo do Distrito Federal (EGOV-DF) e como idealizadora e facilitadora, do \u201cProjeto Empatizando \u2013 um convite \u00e0 pr\u00e1tica da Comunica\u00e7\u00e3o N\u00e3o Violenta\u201d, executado junto \u00e0 Secretaria de Justi\u00e7a do DF. Acredita na Cultura de Paz, enquanto uma possibilidade real na constru\u00e7\u00e3o de rela\u00e7\u00f5es mais humanas, compassivas, honestas e saud\u00e1veis.<\/div>\n<\/div>\n<\/div>\n<\/div>\n\n\n\n<div class=\"wp-container-12 wp-block-columns\">\n<div class=\"wp-container-10 wp-block-column is-vertically-aligned-top\" style=\"flex-basis:33.33%\">\n<div class=\"p-4\"><img class=\"rounded\" src=\"http:\/\/aprender.sejus.df.gov.br\/wp-content\/uploads\/2021\/09\/foto-instrutor-01.png.jpeg\" width=\"100%\"><\/div>\n<\/div>\n\n\n\n<div class=\"wp-container-11 wp-block-column\" style=\"flex-basis:66.66%\">\n<div class=\"p-4\">\n<div class=\"nome-instrutor\">Daniel de Oliveira <\/div>\n<div class=\"descricao-instrutor hr-amarelo-top\">Graduado em Direito pela Uni\u00e3o Pioneira de Integra\u00e7\u00e3o Social (2005).\n P\u00f3s-graduado em Controladoria e Finan\u00e7as P\u00fablicas (2016).  Exerce o cargo de agente socioeducativo na Secretaria de Justi\u00e7a do \nDF desde 2008. Atualmente est\u00e1 como assessor \nda Controladoria Setorial da Justi\u00e7a. Tem experi\u00eancia na \u00e1rea de \ncorregedoria e ouvidoria, atuando como instrutor em tem\u00e1ticas como \nintrodu\u00e7\u00e3o \u00e0 correi\u00e7\u00e3o administrativa, processo administrativo disciplinar, \npenalidades previstas na Lei Complementar n\u00b0 840\/2011 e Instru\u00e7\u00e3o Normativa N\u00b0 4,\n De 13 De Julho De 2012.<\/div>\n<\/div>\n<\/div>\n<\/div>\n\n\n\n<div class=\"wp-container-15 wp-block-columns\">\n<div class=\"wp-container-13 wp-block-column is-vertically-aligned-top\" style=\"flex-basis:33.33%\">\n<div class=\"p-4\"><img class=\"rounded\" src=\"http:\/\/aprender.sejus.df.gov.br\/wp-content\/uploads\/2023\/05\/IMG-7707-scaled.jpg\" width=\"100%\"><\/div>\n<\/div>\n\n\n\n<div class=\"wp-container-14 wp-block-column\" style=\"flex-basis:66.66%\">\n<div class=\"p-4\">\n<div class=\"nome-instrutor\">Rodrigo Mariani <\/div>\n<div class=\"descricao-instrutor hr-amarelo-top\">Rodrigo Mariani \u00e9 artista, com registro profissional de ator e experi\u00eancia em mais de trinta espet\u00e1culos nos palcos e em frente \u00e0s c\u00e2meras. Inquieto com a gest\u00e3o cultural do pa\u00eds, graduou-se em Ci\u00eancia Pol\u00edtica pela Universidade de Bras\u00edlia, concomitante \u00e0 forma\u00e7\u00e3o t\u00e9cnica em Gest\u00e3o de Projetos Culturais pelo SENAC. Acompanhou todo o processo legislativo do Marco Regulat\u00f3rio das Organiza\u00e7\u00f5es da Sociedade Civil, como artista e como cientista pol\u00edtico, e hoje ministra cursos sobre Parcerias MROSC com olhar mais ampliado.\nAo aprender que o cen\u00e1rio pol\u00edtico \u00e9 apenas o reflexo de nossa sociedade, Rodrigo entendeu a import\u00e2ncia da educa\u00e7\u00e3o para transforma\u00e7\u00e3o da realidade sociopol\u00edtica e cursou sua segunda gradua\u00e7\u00e3o com Licenciatura em Letras Portugu\u00eas\/Ingl\u00eas. Tamb\u00e9m concluiu a p\u00f3s-gradua\u00e7\u00e3o em Neuroaprendizagem e Educa\u00e7\u00e3o Bil\u00edngue.\nUnindo as habilidades de gest\u00e3o p\u00fablica, de comunica\u00e7\u00e3o e de did\u00e1tica, hoje trabalha na cria\u00e7\u00e3o de novos cursos na Ger\u00eancia de Capacita\u00e7\u00e3o e Desenvolvimento, ensinando novos instrutores com t\u00e9cnicas de c\u00e2mera e oficinas de orat\u00f3ria para cursos e palestras.<\/div>\n<\/div>\n<\/div>\n<\/div>\n\n\n\n<div class=\"wp-container-18 wp-block-columns\">\n<div class=\"wp-container-16 wp-block-column is-vertically-aligned-top\" style=\"flex-basis:33.33%\">\n<div class=\"p-4\"><img class=\"rounded\" src=\"http:\/\/aprender.sejus.df.gov.br\/wp-content\/uploads\/2023\/05\/20220218124408_IMG_5625-scaled.jpg\" width=\"100%\"><\/div>\n<\/div>\n\n\n\n<div class=\"wp-container-17 wp-block-column\" style=\"flex-basis:66.66%\">\n<div class=\"p-4\">\n<div class=\"nome-instrutor\">Paulo Felipe Assis <\/div>\n<div class=\"descricao-instrutor hr-amarelo-top\">Paulo Felipe \u00e9 graduado em Administra\u00e7\u00e3o (UnB), Especialista em Gest\u00e3o de Pessoas (Uninter) e Mestre em Psicologia (UnB). Exerce na Secretaria de Justi\u00e7a o cargo de Especialista Socioeducativo &#8211; \u00c1rea: Administra\u00e7\u00e3o. Tem se dedicado nos \u00faltimos anos \u00e0 pesquisa e ao estudo do construto de Qualidade de Vida no Trabalho no setor p\u00fablico brasileiro. Nesse campo, tem contribu\u00eddo com o grupo de pesquisa e consultoria ErgoPublic, da Universidade de Bras\u00edlia, realizando interven\u00e7\u00f5es e pesquisas no setor p\u00fablico federal.  <\/div>\n<\/div>\n<\/div>\n<\/div>\n\n\n\n<div class=\"wp-container-21 wp-block-columns\">\n<div class=\"wp-container-19 wp-block-column is-vertically-aligned-top\" style=\"flex-basis:33.33%\">\n<div class=\"p-4\"><img class=\"rounded\" src=\"http:\/\/aprender.sejus.df.gov.br\/wp-content\/uploads\/2023\/05\/WhatsApp-Image-2023-05-24-at-11.26.45.jpeg\" width=\"100%\"><\/div>\n<\/div>\n\n\n\n<div class=\"wp-container-20 wp-block-column\" style=\"flex-basis:66.66%\">\n<div class=\"p-4\">\n<div class=\"nome-instrutor\">Lude Marieta <\/div>\n<div class=\"descricao-instrutor hr-amarelo-top\">Psic\u00f3loga formada pela Universidade de Bras\u00edlia, mestre e doutora pelo Programa de P\u00f3s-Gradua\u00e7\u00e3o em Psicologia Social, do Trabalho e das Organiza\u00e7\u00f5es da mesma Universidade. Atua como psic\u00f3loga do Sistema Socioeducativo da atual Secretaria de Justi\u00e7a e Cidadania do Distrito Federal, trabalhando na \u00e1rea de acompanhamento de medidas socioeducativas de adolescentes em conflito com a lei. Atualmente comp\u00f5e um Grupo de Trabalho para promo\u00e7\u00e3o de a\u00e7\u00f5es preventivas de integridade junto \u00e0 Controladoria Setorial de Justi\u00e7a. Tem experi\u00eancia em an\u00e1lise de dados e elabora\u00e7\u00e3o de instrumentos de medida, com interesse nos seguintes temas\/\u00e1reas: Interven\u00e7\u00f5es em Servi\u00e7os e Pol\u00edticas P\u00fablicas, Atendimento em Servi\u00e7os, Teletrabalho, Reclama\u00e7\u00f5es de Consumidores, Sa\u00fade Mental, Psicologia Ambiental, Comportamento do Consumidor, Comportamento Anti\u00e9tico, Psicologia Social.  <\/div>\n<\/div>\n<\/div>\n<\/div>\n\n\n\n<p>&nbsp;<\/p>\n\n\n\n<p><\/p>\n","protected":false},"excerpt":{"rendered":"<p>Conhe\u00e7a os nossos instrutores<\/p>\n","protected":false},"author":1,"featured_media":34,"parent":0,"menu_order":0,"comment_status":"closed","ping_status":"closed","template":"","meta":[],"yoast_head":"<!-- This site is optimized with the Yoast SEO plugin v19.7.1 - https:\/\/yoast.com\/wordpress\/plugins\/seo\/ -->\n<title>Instrutores - Aprender SEJUS<\/title>\n<meta name=\"robots\" content=\"index, follow, max-snippet:-1, max-image-preview:large, max-video-preview:-1\" \/>\n<link rel=\"canonical\" href=\"https:\/\/aprender.sejus.df.gov.br\/?page_id=10\" \/>\n<meta property=\"og:locale\" content=\"pt_BR\" \/>\n<meta property=\"og:type\" content=\"article\" \/>\n<meta property=\"og:title\" content=\"Instrutores - Aprender SEJUS\" \/>\n<meta property=\"og:description\" content=\"Conhe\u00e7a os nossos instrutores\" \/>\n<meta property=\"og:url\" content=\"https:\/\/aprender.sejus.df.gov.br\/?page_id=10\" \/>\n<meta property=\"og:site_name\" content=\"Aprender SEJUS\" \/>\n<meta property=\"article:modified_time\" content=\"2023-05-24T15:21:52+00:00\" \/>\n<meta property=\"og:image\" content=\"https:\/\/aprender.sejus.df.gov.br\/wp-content\/uploads\/2020\/09\/bg-quem-somos.png\" \/>\n\t<meta property=\"og:image:width\" content=\"1366\" \/>\n\t<meta property=\"og:image:height\" content=\"369\" \/>\n\t<meta property=\"og:image:type\" content=\"image\/png\" \/>\n<meta name=\"twitter:card\" content=\"summary_large_image\" \/>\n<meta name=\"twitter:label1\" content=\"Est. reading time\" \/>\n\t<meta name=\"twitter:data1\" content=\"6 minutos\" \/>\n<script type=\"application\/ld+json\" class=\"yoast-schema-graph\">{\"@context\":\"https:\/\/schema.org\",\"@graph\":[{\"@type\":\"WebPage\",\"@id\":\"https:\/\/aprender.sejus.df.gov.br\/?page_id=10\",\"url\":\"https:\/\/aprender.sejus.df.gov.br\/?page_id=10\",\"name\":\"Instrutores - Aprender SEJUS\",\"isPartOf\":{\"@id\":\"http:\/\/aprender.sejus.df.gov.br\/#website\"},\"datePublished\":\"2020-09-25T20:24:51+00:00\",\"dateModified\":\"2023-05-24T15:21:52+00:00\",\"breadcrumb\":{\"@id\":\"https:\/\/aprender.sejus.df.gov.br\/?page_id=10#breadcrumb\"},\"inLanguage\":\"pt-BR\",\"potentialAction\":[{\"@type\":\"ReadAction\",\"target\":[\"https:\/\/aprender.sejus.df.gov.br\/?page_id=10\"]}]},{\"@type\":\"BreadcrumbList\",\"@id\":\"https:\/\/aprender.sejus.df.gov.br\/?page_id=10#breadcrumb\",\"itemListElement\":[{\"@type\":\"ListItem\",\"position\":1,\"name\":\"Home\",\"item\":\"http:\/\/aprender.sejus.df.gov.br\/\"},{\"@type\":\"ListItem\",\"position\":2,\"name\":\"Instrutores\"}]},{\"@type\":\"WebSite\",\"@id\":\"http:\/\/aprender.sejus.df.gov.br\/#website\",\"url\":\"http:\/\/aprender.sejus.df.gov.br\/\",\"name\":\"Aprender SEJUS\",\"description\":\"\",\"publisher\":{\"@id\":\"http:\/\/aprender.sejus.df.gov.br\/#organization\"},\"potentialAction\":[{\"@type\":\"SearchAction\",\"target\":{\"@type\":\"EntryPoint\",\"urlTemplate\":\"http:\/\/aprender.sejus.df.gov.br\/?s={search_term_string}\"},\"query-input\":\"required name=search_term_string\"}],\"inLanguage\":\"pt-BR\"},{\"@type\":\"Organization\",\"@id\":\"http:\/\/aprender.sejus.df.gov.br\/#organization\",\"name\":\"Aprender - SEJUS\",\"url\":\"http:\/\/aprender.sejus.df.gov.br\/\",\"sameAs\":[],\"logo\":{\"@type\":\"ImageObject\",\"inLanguage\":\"pt-BR\",\"@id\":\"http:\/\/aprender.sejus.df.gov.br\/#\/schema\/logo\/image\/\",\"url\":\"https:\/\/aprender.sejus.df.gov.br\/wp-content\/uploads\/2020\/09\/cropped-logo-2.png\",\"contentUrl\":\"https:\/\/aprender.sejus.df.gov.br\/wp-content\/uploads\/2020\/09\/cropped-logo-2.png\",\"width\":85,\"height\":120,\"caption\":\"Aprender - SEJUS\"},\"image\":{\"@id\":\"http:\/\/aprender.sejus.df.gov.br\/#\/schema\/logo\/image\/\"}}]}<\/script>\n<!-- \/ Yoast SEO plugin. -->","yoast_head_json":{"title":"Instrutores - Aprender SEJUS","robots":{"index":"index","follow":"follow","max-snippet":"max-snippet:-1","max-image-preview":"max-image-preview:large","max-video-preview":"max-video-preview:-1"},"canonical":"https:\/\/aprender.sejus.df.gov.br\/?page_id=10","og_locale":"pt_BR","og_type":"article","og_title":"Instrutores - Aprender SEJUS","og_description":"Conhe\u00e7a os nossos instrutores","og_url":"https:\/\/aprender.sejus.df.gov.br\/?page_id=10","og_site_name":"Aprender SEJUS","article_modified_time":"2023-05-24T15:21:52+00:00","og_image":[{"width":1366,"height":369,"url":"https:\/\/aprender.sejus.df.gov.br\/wp-content\/uploads\/2020\/09\/bg-quem-somos.png","type":"image\/png"}],"twitter_card":"summary_large_image","twitter_misc":{"Est. reading time":"6 minutos"},"schema":{"@context":"https:\/\/schema.org","@graph":[{"@type":"WebPage","@id":"https:\/\/aprender.sejus.df.gov.br\/?page_id=10","url":"https:\/\/aprender.sejus.df.gov.br\/?page_id=10","name":"Instrutores - Aprender SEJUS","isPartOf":{"@id":"http:\/\/aprender.sejus.df.gov.br\/#website"},"datePublished":"2020-09-25T20:24:51+00:00","dateModified":"2023-05-24T15:21:52+00:00","breadcrumb":{"@id":"https:\/\/aprender.sejus.df.gov.br\/?page_id=10#breadcrumb"},"inLanguage":"pt-BR","potentialAction":[{"@type":"ReadAction","target":["https:\/\/aprender.sejus.df.gov.br\/?page_id=10"]}]},{"@type":"BreadcrumbList","@id":"https:\/\/aprender.sejus.df.gov.br\/?page_id=10#breadcrumb","itemListElement":[{"@type":"ListItem","position":1,"name":"Home","item":"http:\/\/aprender.sejus.df.gov.br\/"},{"@type":"ListItem","position":2,"name":"Instrutores"}]},{"@type":"WebSite","@id":"http:\/\/aprender.sejus.df.gov.br\/#website","url":"http:\/\/aprender.sejus.df.gov.br\/","name":"Aprender SEJUS","description":"","publisher":{"@id":"http:\/\/aprender.sejus.df.gov.br\/#organization"},"potentialAction":[{"@type":"SearchAction","target":{"@type":"EntryPoint","urlTemplate":"http:\/\/aprender.sejus.df.gov.br\/?s={search_term_string}"},"query-input":"required name=search_term_string"}],"inLanguage":"pt-BR"},{"@type":"Organization","@id":"http:\/\/aprender.sejus.df.gov.br\/#organization","name":"Aprender - SEJUS","url":"http:\/\/aprender.sejus.df.gov.br\/","sameAs":[],"logo":{"@type":"ImageObject","inLanguage":"pt-BR","@id":"http:\/\/aprender.sejus.df.gov.br\/#\/schema\/logo\/image\/","url":"https:\/\/aprender.sejus.df.gov.br\/wp-content\/uploads\/2020\/09\/cropped-logo-2.png","contentUrl":"https:\/\/aprender.sejus.df.gov.br\/wp-content\/uploads\/2020\/09\/cropped-logo-2.png","width":85,"height":120,"caption":"Aprender - SEJUS"},"image":{"@id":"http:\/\/aprender.sejus.df.gov.br\/#\/schema\/logo\/image\/"}}]}},"_links":{"self":[{"href":"https:\/\/aprender.sejus.df.gov.br\/index.php?rest_route=\/wp\/v2\/pages\/10"}],"collection":[{"href":"https:\/\/aprender.sejus.df.gov.br\/index.php?rest_route=\/wp\/v2\/pages"}],"about":[{"href":"https:\/\/aprender.sejus.df.gov.br\/index.php?rest_route=\/wp\/v2\/types\/page"}],"author":[{"embeddable":true,"href":"https:\/\/aprender.sejus.df.gov.br\/index.php?rest_route=\/wp\/v2\/users\/1"}],"replies":[{"embeddable":true,"href":"https:\/\/aprender.sejus.df.gov.br\/index.php?rest_route=%2Fwp%2Fv2%2Fcomments&post=10"}],"version-history":[{"count":64,"href":"https:\/\/aprender.sejus.df.gov.br\/index.php?rest_route=\/wp\/v2\/pages\/10\/revisions"}],"predecessor-version":[{"id":1439,"href":"https:\/\/aprender.sejus.df.gov.br\/index.php?rest_route=\/wp\/v2\/pages\/10\/revisions\/1439"}],"wp:featuredmedia":[{"embeddable":true,"href":"https:\/\/aprender.sejus.df.gov.br\/index.php?rest_route=\/wp\/v2\/media\/34"}],"wp:attachment":[{"href":"https:\/\/aprender.sejus.df.gov.br\/index.php?rest_route=%2Fwp%2Fv2%2Fmedia&parent=10"}],"curies":[{"name":"wp","href":"https:\/\/api.w.org\/{rel}","templated":true}]}}