{"id":12,"date":"2020-09-25T17:26:10","date_gmt":"2020-09-25T20:26:10","guid":{"rendered":"http:\/\/aprender.sejus.df.gov.br\/?page_id=12"},"modified":"2024-07-30T15:03:43","modified_gmt":"2024-07-30T18:03:43","slug":"normativos","status":"publish","type":"page","link":"https:\/\/aprender.sejus.df.gov.br\/?page_id=12","title":{"rendered":"Normativos"},"content":{"rendered":"\n<div class=\"row\">\n\n<div class=\"col-md-11 offset-md-1 mb-5 border-left-amarelo\">\n                      <h5 class=\"titulo-normativo\">Plano Anual de Capacita\u00e7\u00e3o &#8211; 2024<\/h5>\n                      <p class=\"descricao-normativo\">Disp\u00f5e sobre o planejamento de a\u00e7\u00f5es de TD&amp;E na Secretaria de Justi\u00e7a para o ano de 2024.<\/p>\n                      <a target=\"_blank\" href=\"http:\/\/aprender.sejus.df.gov.br\/wp-content\/uploads\/2024\/07\/SEI_GDF-136173868-Plano-de-Capacitacao.pdf\" rel=\"noopener noreferrer\"><button class=\"btn btn-azul btn-wd\">Visualizar<\/button><\/a>\n                    <\/div>\n\n<div class=\"col-md-11 offset-md-1 mb-5 border-left-amarelo\">\n                      <h5 class=\"titulo-normativo\">Relat\u00f3rio Anual de Capacita\u00e7\u00e3o &#8211; 2023<\/h5>\n                      <p class=\"descricao-normativo\">Presta\u00e7\u00e3o de contas das a\u00e7\u00f5es de TD&amp;E na Secretaria de Justi\u00e7a realizadas no ano de 2022.<\/p>\n                      <a target=\"_blank\" href=\"http:\/\/aprender.sejus.df.gov.br\/wp-content\/uploads\/2024\/07\/SEI_GDF-136174348-Relatorio.pdf\" rel=\"noopener noreferrer\"><button class=\"btn btn-azul btn-wd\">Visualizar<\/button><\/a>\n                    <\/div>\n\n<div class=\"col-md-11 offset-md-1 mb-5 border-left-amarelo\">\n                      <h5 class=\"titulo-normativo\">Avalia\u00e7\u00e3o das Necessidades de Aprendizagem (ANA) da Sejus<\/h5>\n                      <p class=\"descricao-normativo\">Trabalho cient\u00edfico que mapeou as compet\u00eancias transversais e institucionais da Sejus e identificou as necessidades de aprendizagem de seus servidores.<\/p>\n                      <a target=\"_blank\" href=\"http:\/\/aprender.sejus.df.gov.br\/wp-content\/uploads\/2023\/07\/ANA_Sejus.pdf\" rel=\"noopener noreferrer\"><button class=\"btn btn-azul btn-wd\">Visualizar<\/button><\/a>\n                    <\/div>\n\n<div class=\"col-md-11 offset-md-1 mb-5 border-left-amarelo\">\n                      <h5 class=\"titulo-normativo\">Plano Anual de Capacita\u00e7\u00e3o &#8211; 2023<\/h5>\n                      <p class=\"descricao-normativo\">Disp\u00f5e sobre o planejamento de a\u00e7\u00f5es de TD&amp;E na Secretaria de Justi\u00e7a para o ano de 2023.<\/p>\n                      <a target=\"_blank\" href=\"http:\/\/aprender.sejus.df.gov.br\/wp-content\/uploads\/2023\/05\/Plano-Anual-de-Capacitacao-2023.pdf\" rel=\"noopener noreferrer\"><button class=\"btn btn-azul btn-wd\">Visualizar<\/button><\/a>\n                    <\/div>\n\n<div class=\"col-md-11 offset-md-1 mb-5 border-left-amarelo\">\n                      <h5 class=\"titulo-normativo\">Relat\u00f3rio Anual de Capacita\u00e7\u00e3o &#8211; 2022<\/h5>\n                      <p class=\"descricao-normativo\">Presta\u00e7\u00e3o de contas das a\u00e7\u00f5es de TD&amp;E na Secretaria de Justi\u00e7a realizadas no ano de 2022.<\/p>\n                      <a target=\"_blank\" href=\"http:\/\/aprender.sejus.df.gov.br\/wp-content\/uploads\/2023\/05\/Relatorio-Anual-de-Capacitacao-2022.pdf\" rel=\"noopener noreferrer\"><button class=\"btn btn-azul btn-wd\">Visualizar<\/button><\/a>\n                    <\/div>\n\n<div class=\"col-md-11 offset-md-1 mb-5 border-left-amarelo\">\n                      <h5 class=\"titulo-normativo\">Plano Anual de Capacita\u00e7\u00e3o &#8211; 2022<\/h5>\n                      <p class=\"descricao-normativo\">Disp\u00f5e sobre o planejamento de a\u00e7\u00f5es de TD&amp;E na Secretaria de Justi\u00e7a para o ano de 2022.<\/p>\n                      <a target=\"_blank\" href=\"https:\/\/aprender.sejus.df.gov.br\/wp-content\/uploads\/2022\/06\/Plano-de-Capacitac\u0327a\u0303o-Anual-da-Sejus-2.pdf\" rel=\"noopener noreferrer\"><button class=\"btn btn-azul btn-wd\">Visualizar<\/button><\/a>\n                    <\/div>\n\n                    <div class=\"col-md-11 offset-md-1 mb-5 border-left-amarelo\">\n                      <h5 class=\"titulo-normativo\">Portaria n\u00ba 573, de 11 de setembro de 2020<\/h5>\n                      <p class=\"descricao-normativo\">Disp\u00f5e sobre a Pol\u00edtica de Treinamento, Desenvolvimento e  Educa\u00e7\u00e3o da Sejus.<\/p>\n                      <a target=\"_blank\" href=\"http:\/\/aprender.sejus.df.gov.br\/wp-content\/uploads\/2020\/11\/Politica-de-TDE-da-Sejus.pdf\" rel=\"noopener noreferrer\"><button class=\"btn btn-azul btn-wd\">Visualizar<\/button><\/a>\n                    <\/div>\n\n                    <div class=\"col-md-11 offset-md-1 mb-5 border-left-amarelo\">\n                      <h5 class=\"titulo-normativo\">Decreto n\u00b0 39.587 de 28\/12\/2018 <\/h5>\n                      <p class=\"descricao-normativo\">Institui as diretrizes gerais para concep\u00e7\u00e3o, implanta\u00e7\u00e3o e promo\u00e7\u00e3o de Pol\u00edtica e Programas de Qualidade de Vida no Trabalho para os servidores p\u00fablicos.<\/p>\n                      <a target=\"_blank\" href=\"http:\/\/aprender.sejus.df.gov.br\/wp-content\/uploads\/2020\/11\/Decreto-39587-de-28_12_2018.pdf\" rel=\"noopener noreferrer\"><button class=\"btn btn-azul btn-wd\">Visualizar<\/button><\/a>\n                    <\/div>\n\n                    <div class=\"col-md-11 offset-md-1 mb-5 border-left-amarelo\">\n                      <h5 class=\"titulo-normativo\">Decreto n\u00b0 39.468 de 21\/11\/2018 <\/h5>\n                      <p class=\"descricao-normativo\">Regulamenta a Pol\u00edtica de Capacita\u00e7\u00e3o e de Desenvolvimento para os servidores do Distrito Federal.<\/p>\n                      <a target=\"_blank\" href=\"http:\/\/aprender.sejus.df.gov.br\/wp-content\/uploads\/2020\/11\/DECRETO-No-39.468-2.pdf\" rel=\"noopener noreferrer\"><button class=\"btn btn-azul btn-wd\">Visualizar<\/button><\/a>\n                    <\/div>\n\n                    <div class=\"col-md-11 offset-md-1 mb-5 border-left-amarelo\">\n                      <h5 class=\"titulo-normativo\">Portaria n\u00b0 355 de 24\/09\/2018 <\/h5>\n                      <p class=\"descricao-normativo\">Regulamenta o compartilhamento de conhecimento de servidores afastados para estudo.<\/p>\n                      <a target=\"_blank\" href=\"http:\/\/aprender.sejus.df.gov.br\/wp-content\/uploads\/2020\/11\/Portaria-355-de-24_09_2018-Divulgacao-de-Teses-e-Dissertacoes.pdf\" rel=\"noopener noreferrer\"><button class=\"btn btn-azul btn-wd\">Visualizar<\/button><\/a>\n                    <\/div>\n\n                    <div class=\"col-md-11 offset-md-1 mb-5 border-left-amarelo\">\n                      <h5 class=\"titulo-normativo\">Decreto n\u00b0 37.648 de 22\/09\/2016 <\/h5>\n                      <p class=\"descricao-normativo\">Institui a Pol\u00edtica de Valoriza\u00e7\u00e3o de Servidores no \u00e2mbito da administra\u00e7\u00e3o direta, aut\u00e1rquica e fundacional do Distrito Federal.<\/p>\n                      <a target=\"_blank\" href=\"http:\/\/aprender.sejus.df.gov.br\/wp-content\/uploads\/2020\/11\/Decreto-37.648-de-22_09_2016-Politica-de-Valorizacao-dos-Servidores.pdf\" rel=\"noopener noreferrer\"><button class=\"btn btn-azul btn-wd\">Visualizar<\/button><\/a>\n                    <\/div>\n\n                    <div class=\"col-md-11 offset-md-1 border-left-amarelo\">\n                      <h5 class=\"titulo-normativo\">Decreto n\u00b0 29.814 de 10\/12\/2008 <\/h5>\n                      <p class=\"descricao-normativo\">Institui a Pol\u00edtica de Gest\u00e3o de Pessoas da Administra\u00e7\u00e3o Direta, Aut\u00e1rquica e Fundacional do Distrito Federal.<\/p>\n                      <a target=\"_blank\" href=\"http:\/\/aprender.sejus.df.gov.br\/wp-content\/uploads\/2020\/11\/Decreto-29814-de-10-12-2008-Institui-a-Politica-de-Gestao-de-Pessoas-no-GDF.pdf\" rel=\"noopener noreferrer\"><button class=\"btn btn-azul btn-wd\">Visualizar<\/button><\/a>\n                    <\/div>\n\n                <\/div>\n","protected":false},"excerpt":{"rendered":"<p>Fique por dentro das leis, decretos e normas que regem o treinamento, o desenvolvimento e a educa\u00e7\u00e3o para o trabalho dos servidores da Sejus.<\/p>\n","protected":false},"author":1,"featured_media":39,"parent":0,"menu_order":0,"comment_status":"closed","ping_status":"closed","template":"","meta":[],"yoast_head":"<!-- This site is optimized with the Yoast SEO plugin v19.7.1 - https:\/\/yoast.com\/wordpress\/plugins\/seo\/ -->\n<title>Normativos - Aprender SEJUS<\/title>\n<meta name=\"robots\" content=\"index, follow, max-snippet:-1, max-image-preview:large, max-video-preview:-1\" \/>\n<link rel=\"canonical\" href=\"https:\/\/aprender.sejus.df.gov.br\/?page_id=12\" \/>\n<meta property=\"og:locale\" content=\"pt_BR\" \/>\n<meta property=\"og:type\" content=\"article\" \/>\n<meta property=\"og:title\" content=\"Normativos - Aprender SEJUS\" \/>\n<meta property=\"og:description\" content=\"Fique por dentro das leis, decretos e normas que regem o treinamento, o desenvolvimento e a educa\u00e7\u00e3o para o trabalho dos servidores da Sejus.\" \/>\n<meta property=\"og:url\" content=\"https:\/\/aprender.sejus.df.gov.br\/?page_id=12\" \/>\n<meta property=\"og:site_name\" content=\"Aprender SEJUS\" \/>\n<meta property=\"article:modified_time\" content=\"2024-07-30T18:03:43+00:00\" \/>\n<meta property=\"og:image\" content=\"http:\/\/aprender.sejus.df.gov.br\/wp-content\/uploads\/2020\/09\/bg-normativozsx.png\" \/>\n\t<meta property=\"og:image:width\" content=\"1365\" \/>\n\t<meta property=\"og:image:height\" content=\"370\" \/>\n\t<meta property=\"og:image:type\" content=\"image\/png\" \/>\n<meta name=\"twitter:card\" content=\"summary_large_image\" \/>\n<meta name=\"twitter:label1\" content=\"Est. reading time\" \/>\n\t<meta name=\"twitter:data1\" content=\"2 minutos\" \/>\n<script type=\"application\/ld+json\" class=\"yoast-schema-graph\">{\"@context\":\"https:\/\/schema.org\",\"@graph\":[{\"@type\":\"WebPage\",\"@id\":\"https:\/\/aprender.sejus.df.gov.br\/?page_id=12\",\"url\":\"https:\/\/aprender.sejus.df.gov.br\/?page_id=12\",\"name\":\"Normativos - Aprender SEJUS\",\"isPartOf\":{\"@id\":\"http:\/\/aprender.sejus.df.gov.br\/#website\"},\"datePublished\":\"2020-09-25T20:26:10+00:00\",\"dateModified\":\"2024-07-30T18:03:43+00:00\",\"breadcrumb\":{\"@id\":\"https:\/\/aprender.sejus.df.gov.br\/?page_id=12#breadcrumb\"},\"inLanguage\":\"pt-BR\",\"potentialAction\":[{\"@type\":\"ReadAction\",\"target\":[\"https:\/\/aprender.sejus.df.gov.br\/?page_id=12\"]}]},{\"@type\":\"BreadcrumbList\",\"@id\":\"https:\/\/aprender.sejus.df.gov.br\/?page_id=12#breadcrumb\",\"itemListElement\":[{\"@type\":\"ListItem\",\"position\":1,\"name\":\"Home\",\"item\":\"http:\/\/aprender.sejus.df.gov.br\/\"},{\"@type\":\"ListItem\",\"position\":2,\"name\":\"Normativos\"}]},{\"@type\":\"WebSite\",\"@id\":\"http:\/\/aprender.sejus.df.gov.br\/#website\",\"url\":\"http:\/\/aprender.sejus.df.gov.br\/\",\"name\":\"Aprender SEJUS\",\"description\":\"\",\"publisher\":{\"@id\":\"http:\/\/aprender.sejus.df.gov.br\/#organization\"},\"potentialAction\":[{\"@type\":\"SearchAction\",\"target\":{\"@type\":\"EntryPoint\",\"urlTemplate\":\"http:\/\/aprender.sejus.df.gov.br\/?s={search_term_string}\"},\"query-input\":\"required name=search_term_string\"}],\"inLanguage\":\"pt-BR\"},{\"@type\":\"Organization\",\"@id\":\"http:\/\/aprender.sejus.df.gov.br\/#organization\",\"name\":\"Aprender - SEJUS\",\"url\":\"http:\/\/aprender.sejus.df.gov.br\/\",\"sameAs\":[],\"logo\":{\"@type\":\"ImageObject\",\"inLanguage\":\"pt-BR\",\"@id\":\"http:\/\/aprender.sejus.df.gov.br\/#\/schema\/logo\/image\/\",\"url\":\"https:\/\/aprender.sejus.df.gov.br\/wp-content\/uploads\/2020\/09\/cropped-logo-2.png\",\"contentUrl\":\"https:\/\/aprender.sejus.df.gov.br\/wp-content\/uploads\/2020\/09\/cropped-logo-2.png\",\"width\":85,\"height\":120,\"caption\":\"Aprender - SEJUS\"},\"image\":{\"@id\":\"http:\/\/aprender.sejus.df.gov.br\/#\/schema\/logo\/image\/\"}}]}<\/script>\n<!-- \/ Yoast SEO plugin. -->","yoast_head_json":{"title":"Normativos - Aprender SEJUS","robots":{"index":"index","follow":"follow","max-snippet":"max-snippet:-1","max-image-preview":"max-image-preview:large","max-video-preview":"max-video-preview:-1"},"canonical":"https:\/\/aprender.sejus.df.gov.br\/?page_id=12","og_locale":"pt_BR","og_type":"article","og_title":"Normativos - Aprender SEJUS","og_description":"Fique por dentro das leis, decretos e normas que regem o treinamento, o desenvolvimento e a educa\u00e7\u00e3o para o trabalho dos servidores da Sejus.","og_url":"https:\/\/aprender.sejus.df.gov.br\/?page_id=12","og_site_name":"Aprender SEJUS","article_modified_time":"2024-07-30T18:03:43+00:00","og_image":[{"width":1365,"height":370,"url":"http:\/\/aprender.sejus.df.gov.br\/wp-content\/uploads\/2020\/09\/bg-normativozsx.png","type":"image\/png"}],"twitter_card":"summary_large_image","twitter_misc":{"Est. reading time":"2 minutos"},"schema":{"@context":"https:\/\/schema.org","@graph":[{"@type":"WebPage","@id":"https:\/\/aprender.sejus.df.gov.br\/?page_id=12","url":"https:\/\/aprender.sejus.df.gov.br\/?page_id=12","name":"Normativos - Aprender SEJUS","isPartOf":{"@id":"http:\/\/aprender.sejus.df.gov.br\/#website"},"datePublished":"2020-09-25T20:26:10+00:00","dateModified":"2024-07-30T18:03:43+00:00","breadcrumb":{"@id":"https:\/\/aprender.sejus.df.gov.br\/?page_id=12#breadcrumb"},"inLanguage":"pt-BR","potentialAction":[{"@type":"ReadAction","target":["https:\/\/aprender.sejus.df.gov.br\/?page_id=12"]}]},{"@type":"BreadcrumbList","@id":"https:\/\/aprender.sejus.df.gov.br\/?page_id=12#breadcrumb","itemListElement":[{"@type":"ListItem","position":1,"name":"Home","item":"http:\/\/aprender.sejus.df.gov.br\/"},{"@type":"ListItem","position":2,"name":"Normativos"}]},{"@type":"WebSite","@id":"http:\/\/aprender.sejus.df.gov.br\/#website","url":"http:\/\/aprender.sejus.df.gov.br\/","name":"Aprender SEJUS","description":"","publisher":{"@id":"http:\/\/aprender.sejus.df.gov.br\/#organization"},"potentialAction":[{"@type":"SearchAction","target":{"@type":"EntryPoint","urlTemplate":"http:\/\/aprender.sejus.df.gov.br\/?s={search_term_string}"},"query-input":"required name=search_term_string"}],"inLanguage":"pt-BR"},{"@type":"Organization","@id":"http:\/\/aprender.sejus.df.gov.br\/#organization","name":"Aprender - SEJUS","url":"http:\/\/aprender.sejus.df.gov.br\/","sameAs":[],"logo":{"@type":"ImageObject","inLanguage":"pt-BR","@id":"http:\/\/aprender.sejus.df.gov.br\/#\/schema\/logo\/image\/","url":"https:\/\/aprender.sejus.df.gov.br\/wp-content\/uploads\/2020\/09\/cropped-logo-2.png","contentUrl":"https:\/\/aprender.sejus.df.gov.br\/wp-content\/uploads\/2020\/09\/cropped-logo-2.png","width":85,"height":120,"caption":"Aprender - SEJUS"},"image":{"@id":"http:\/\/aprender.sejus.df.gov.br\/#\/schema\/logo\/image\/"}}]}},"_links":{"self":[{"href":"https:\/\/aprender.sejus.df.gov.br\/index.php?rest_route=\/wp\/v2\/pages\/12"}],"collection":[{"href":"https:\/\/aprender.sejus.df.gov.br\/index.php?rest_route=\/wp\/v2\/pages"}],"about":[{"href":"https:\/\/aprender.sejus.df.gov.br\/index.php?rest_route=\/wp\/v2\/types\/page"}],"author":[{"embeddable":true,"href":"https:\/\/aprender.sejus.df.gov.br\/index.php?rest_route=\/wp\/v2\/users\/1"}],"replies":[{"embeddable":true,"href":"https:\/\/aprender.sejus.df.gov.br\/index.php?rest_route=%2Fwp%2Fv2%2Fcomments&post=12"}],"version-history":[{"count":22,"href":"https:\/\/aprender.sejus.df.gov.br\/index.php?rest_route=\/wp\/v2\/pages\/12\/revisions"}],"predecessor-version":[{"id":1493,"href":"https:\/\/aprender.sejus.df.gov.br\/index.php?rest_route=\/wp\/v2\/pages\/12\/revisions\/1493"}],"wp:featuredmedia":[{"embeddable":true,"href":"https:\/\/aprender.sejus.df.gov.br\/index.php?rest_route=\/wp\/v2\/media\/39"}],"wp:attachment":[{"href":"https:\/\/aprender.sejus.df.gov.br\/index.php?rest_route=%2Fwp%2Fv2%2Fmedia&parent=12"}],"curies":[{"name":"wp","href":"https:\/\/api.w.org\/{rel}","templated":true}]}}