{"id":16,"date":"2020-09-25T17:26:41","date_gmt":"2020-09-25T20:26:41","guid":{"rendered":"http:\/\/aprender.sejus.df.gov.br\/?page_id=16"},"modified":"2020-09-30T15:15:16","modified_gmt":"2020-09-30T18:15:16","slug":"trabalhos-academicos","status":"publish","type":"page","link":"https:\/\/aprender.sejus.df.gov.br\/?page_id=16","title":{"rendered":"Trabalhos acad\u00eamicos"},"content":{"rendered":"","protected":false},"excerpt":{"rendered":"<p>Os Trabalhos acad\u00eamicos \u00e9 um meio de publicidade dos trabalhos desenvolvidos pelos servidores da SEJUS<\/p>\n","protected":false},"author":1,"featured_media":42,"parent":0,"menu_order":0,"comment_status":"closed","ping_status":"closed","template":"","meta":[],"yoast_head":"<!-- This site is optimized with the Yoast SEO plugin v19.7.1 - https:\/\/yoast.com\/wordpress\/plugins\/seo\/ -->\n<title>Trabalhos acad\u00eamicos - Aprender SEJUS<\/title>\n<meta name=\"robots\" content=\"index, follow, max-snippet:-1, max-image-preview:large, max-video-preview:-1\" \/>\n<link rel=\"canonical\" href=\"https:\/\/aprender.sejus.df.gov.br\/?page_id=16\" \/>\n<meta property=\"og:locale\" content=\"pt_BR\" \/>\n<meta property=\"og:type\" content=\"article\" \/>\n<meta property=\"og:title\" content=\"Trabalhos acad\u00eamicos - Aprender SEJUS\" \/>\n<meta property=\"og:description\" content=\"Os Trabalhos acad\u00eamicos \u00e9 um meio de publicidade dos trabalhos desenvolvidos pelos servidores da SEJUS\" \/>\n<meta property=\"og:url\" content=\"https:\/\/aprender.sejus.df.gov.br\/?page_id=16\" \/>\n<meta property=\"og:site_name\" content=\"Aprender SEJUS\" \/>\n<meta property=\"article:modified_time\" content=\"2020-09-30T18:15:16+00:00\" \/>\n<meta property=\"og:image\" content=\"https:\/\/aprender.sejus.df.gov.br\/wp-content\/uploads\/2020\/09\/bg-trabalhos-academicos.png\" \/>\n\t<meta property=\"og:image:width\" content=\"1366\" \/>\n\t<meta property=\"og:image:height\" content=\"370\" \/>\n\t<meta property=\"og:image:type\" content=\"image\/png\" \/>\n<meta name=\"twitter:card\" content=\"summary_large_image\" \/>\n<script type=\"application\/ld+json\" class=\"yoast-schema-graph\">{\"@context\":\"https:\/\/schema.org\",\"@graph\":[{\"@type\":\"WebPage\",\"@id\":\"https:\/\/aprender.sejus.df.gov.br\/?page_id=16\",\"url\":\"https:\/\/aprender.sejus.df.gov.br\/?page_id=16\",\"name\":\"Trabalhos acad\u00eamicos - Aprender SEJUS\",\"isPartOf\":{\"@id\":\"http:\/\/aprender.sejus.df.gov.br\/#website\"},\"datePublished\":\"2020-09-25T20:26:41+00:00\",\"dateModified\":\"2020-09-30T18:15:16+00:00\",\"breadcrumb\":{\"@id\":\"https:\/\/aprender.sejus.df.gov.br\/?page_id=16#breadcrumb\"},\"inLanguage\":\"pt-BR\",\"potentialAction\":[{\"@type\":\"ReadAction\",\"target\":[\"https:\/\/aprender.sejus.df.gov.br\/?page_id=16\"]}]},{\"@type\":\"BreadcrumbList\",\"@id\":\"https:\/\/aprender.sejus.df.gov.br\/?page_id=16#breadcrumb\",\"itemListElement\":[{\"@type\":\"ListItem\",\"position\":1,\"name\":\"Home\",\"item\":\"http:\/\/aprender.sejus.df.gov.br\/\"},{\"@type\":\"ListItem\",\"position\":2,\"name\":\"Trabalhos acad\u00eamicos\"}]},{\"@type\":\"WebSite\",\"@id\":\"http:\/\/aprender.sejus.df.gov.br\/#website\",\"url\":\"http:\/\/aprender.sejus.df.gov.br\/\",\"name\":\"Aprender SEJUS\",\"description\":\"\",\"publisher\":{\"@id\":\"http:\/\/aprender.sejus.df.gov.br\/#organization\"},\"potentialAction\":[{\"@type\":\"SearchAction\",\"target\":{\"@type\":\"EntryPoint\",\"urlTemplate\":\"http:\/\/aprender.sejus.df.gov.br\/?s={search_term_string}\"},\"query-input\":\"required name=search_term_string\"}],\"inLanguage\":\"pt-BR\"},{\"@type\":\"Organization\",\"@id\":\"http:\/\/aprender.sejus.df.gov.br\/#organization\",\"name\":\"Aprender - SEJUS\",\"url\":\"http:\/\/aprender.sejus.df.gov.br\/\",\"sameAs\":[],\"logo\":{\"@type\":\"ImageObject\",\"inLanguage\":\"pt-BR\",\"@id\":\"http:\/\/aprender.sejus.df.gov.br\/#\/schema\/logo\/image\/\",\"url\":\"https:\/\/aprender.sejus.df.gov.br\/wp-content\/uploads\/2020\/09\/cropped-logo-2.png\",\"contentUrl\":\"https:\/\/aprender.sejus.df.gov.br\/wp-content\/uploads\/2020\/09\/cropped-logo-2.png\",\"width\":85,\"height\":120,\"caption\":\"Aprender - SEJUS\"},\"image\":{\"@id\":\"http:\/\/aprender.sejus.df.gov.br\/#\/schema\/logo\/image\/\"}}]}<\/script>\n<!-- \/ Yoast SEO plugin. -->","yoast_head_json":{"title":"Trabalhos acad\u00eamicos - Aprender SEJUS","robots":{"index":"index","follow":"follow","max-snippet":"max-snippet:-1","max-image-preview":"max-image-preview:large","max-video-preview":"max-video-preview:-1"},"canonical":"https:\/\/aprender.sejus.df.gov.br\/?page_id=16","og_locale":"pt_BR","og_type":"article","og_title":"Trabalhos acad\u00eamicos - Aprender SEJUS","og_description":"Os Trabalhos acad\u00eamicos \u00e9 um meio de publicidade dos trabalhos desenvolvidos pelos servidores da SEJUS","og_url":"https:\/\/aprender.sejus.df.gov.br\/?page_id=16","og_site_name":"Aprender SEJUS","article_modified_time":"2020-09-30T18:15:16+00:00","og_image":[{"width":1366,"height":370,"url":"https:\/\/aprender.sejus.df.gov.br\/wp-content\/uploads\/2020\/09\/bg-trabalhos-academicos.png","type":"image\/png"}],"twitter_card":"summary_large_image","schema":{"@context":"https:\/\/schema.org","@graph":[{"@type":"WebPage","@id":"https:\/\/aprender.sejus.df.gov.br\/?page_id=16","url":"https:\/\/aprender.sejus.df.gov.br\/?page_id=16","name":"Trabalhos acad\u00eamicos - Aprender SEJUS","isPartOf":{"@id":"http:\/\/aprender.sejus.df.gov.br\/#website"},"datePublished":"2020-09-25T20:26:41+00:00","dateModified":"2020-09-30T18:15:16+00:00","breadcrumb":{"@id":"https:\/\/aprender.sejus.df.gov.br\/?page_id=16#breadcrumb"},"inLanguage":"pt-BR","potentialAction":[{"@type":"ReadAction","target":["https:\/\/aprender.sejus.df.gov.br\/?page_id=16"]}]},{"@type":"BreadcrumbList","@id":"https:\/\/aprender.sejus.df.gov.br\/?page_id=16#breadcrumb","itemListElement":[{"@type":"ListItem","position":1,"name":"Home","item":"http:\/\/aprender.sejus.df.gov.br\/"},{"@type":"ListItem","position":2,"name":"Trabalhos acad\u00eamicos"}]},{"@type":"WebSite","@id":"http:\/\/aprender.sejus.df.gov.br\/#website","url":"http:\/\/aprender.sejus.df.gov.br\/","name":"Aprender SEJUS","description":"","publisher":{"@id":"http:\/\/aprender.sejus.df.gov.br\/#organization"},"potentialAction":[{"@type":"SearchAction","target":{"@type":"EntryPoint","urlTemplate":"http:\/\/aprender.sejus.df.gov.br\/?s={search_term_string}"},"query-input":"required name=search_term_string"}],"inLanguage":"pt-BR"},{"@type":"Organization","@id":"http:\/\/aprender.sejus.df.gov.br\/#organization","name":"Aprender - SEJUS","url":"http:\/\/aprender.sejus.df.gov.br\/","sameAs":[],"logo":{"@type":"ImageObject","inLanguage":"pt-BR","@id":"http:\/\/aprender.sejus.df.gov.br\/#\/schema\/logo\/image\/","url":"https:\/\/aprender.sejus.df.gov.br\/wp-content\/uploads\/2020\/09\/cropped-logo-2.png","contentUrl":"https:\/\/aprender.sejus.df.gov.br\/wp-content\/uploads\/2020\/09\/cropped-logo-2.png","width":85,"height":120,"caption":"Aprender - SEJUS"},"image":{"@id":"http:\/\/aprender.sejus.df.gov.br\/#\/schema\/logo\/image\/"}}]}},"_links":{"self":[{"href":"https:\/\/aprender.sejus.df.gov.br\/index.php?rest_route=\/wp\/v2\/pages\/16"}],"collection":[{"href":"https:\/\/aprender.sejus.df.gov.br\/index.php?rest_route=\/wp\/v2\/pages"}],"about":[{"href":"https:\/\/aprender.sejus.df.gov.br\/index.php?rest_route=\/wp\/v2\/types\/page"}],"author":[{"embeddable":true,"href":"https:\/\/aprender.sejus.df.gov.br\/index.php?rest_route=\/wp\/v2\/users\/1"}],"replies":[{"embeddable":true,"href":"https:\/\/aprender.sejus.df.gov.br\/index.php?rest_route=%2Fwp%2Fv2%2Fcomments&post=16"}],"version-history":[{"count":2,"href":"https:\/\/aprender.sejus.df.gov.br\/index.php?rest_route=\/wp\/v2\/pages\/16\/revisions"}],"predecessor-version":[{"id":43,"href":"https:\/\/aprender.sejus.df.gov.br\/index.php?rest_route=\/wp\/v2\/pages\/16\/revisions\/43"}],"wp:featuredmedia":[{"embeddable":true,"href":"https:\/\/aprender.sejus.df.gov.br\/index.php?rest_route=\/wp\/v2\/media\/42"}],"wp:attachment":[{"href":"https:\/\/aprender.sejus.df.gov.br\/index.php?rest_route=%2Fwp%2Fv2%2Fmedia&parent=16"}],"curies":[{"name":"wp","href":"https:\/\/api.w.org\/{rel}","templated":true}]}}