{"id":7,"date":"2020-09-25T17:24:11","date_gmt":"2020-09-25T20:24:11","guid":{"rendered":"http:\/\/aprender.sejus.df.gov.br\/?page_id=7"},"modified":"2021-09-30T18:14:46","modified_gmt":"2021-09-30T21:14:46","slug":"quem-somos","status":"publish","type":"page","link":"https:\/\/aprender.sejus.df.gov.br\/?page_id=7","title":{"rendered":"Quem somos"},"content":{"rendered":"\n<p><\/p>\n\n\n\n<div class=\"col-lg-9\">\n                     <p>A Diretoria de Desenvolvimento de Pessoas &#8211; DIRDESP \u00e9, atualmente, a \u00e1rea respons\u00e1vel pelo treinamento, desenvolvimento e educa\u00e7\u00e3o (TD&amp;E) dos servidores da Secretaria de Justi\u00e7a do DF. Ela foi criada por meio do Decreto N\u00ba 39.807, de 06 de maio de 2019, que disp\u00f5e sobre a estrutura administrativa da Sejus.<\/p>\n                      <p class=\"composta py-3\">\u00c9 composta pelas:<\/p>\n                      <div class=\"border-left-amarelo pl-3\">\n                         <p class=\"titulo-label\">Ger\u00eancia de Capacita\u00e7\u00e3o e Desenvolvimento<\/p>\n                         <p><span class=\"medium\">E-mail:<\/span> gecap@sejus.df.gov.br<\/p>\n                         <p><span class=\"medium\">SEI:<\/span> SEJUS\/COORGEP\/DIRDESP\/GECAP<\/p>\n                         <p><span class=\"medium\">Respons\u00e1vel por:<\/span>  avalia\u00e7\u00e3o das necessidades de aprendizagem do \u00f3rg\u00e3o; implementa\u00e7\u00e3o de atividades educacionais em temas n\u00e3o ligados diretamente \u00e0 atividade socioeducativa; cursos de Ambienta\u00e7\u00e3o; Plano Anual de Capacita\u00e7\u00e3o; normatiza\u00e7\u00e3o das atividades de capacita\u00e7\u00e3o e de instrutoria; interlocu\u00e7\u00e3o com a EGOV e outras escolas; gest\u00e3o do conte\u00fado do site \u201caprender.sejus\u201d; e gest\u00e3o da plataforma Moodle.<\/p>\n                      <\/div>\n\n                      <div class=\"border-left-amarelo pl-3 mt-5\">\n                         <p class=\"titulo-label\">Ger\u00eancia de An\u00e1lise Funcional e Desenvolvimento de Carreira<\/p>\n                         <p><span class=\"medium\">E-mail:<\/span> gecar@sejus.df.gov.br<\/p>\n                         <p><span class=\"medium\">SEI:<\/span> SEJUS\/COORGEP\/DIRDESP\/GECAR<\/p>\n                         <p><span class=\"medium\">Respons\u00e1vel por:<\/span> progress\u00e3o; afastamento para estudo; dispensa de ponto para participa\u00e7\u00e3o de Congressos\/Semin\u00e1rios;  hor\u00e1rio especial de estudo; concess\u00e3o e gest\u00e3o das informa\u00e7\u00f5es de Adicional de Qualifica\u00e7\u00e3o \u2013AQ e Gratifica\u00e7\u00e3o de Titula\u00e7\u00e3o \u2013 GTIT\/GHPP.<\/p>\n                      <\/div>\n\n                      <div class=\"border-left-amarelo pl-3 mt-5\">\n                         <p class=\"titulo-label\">Ger\u00eancia de Sa\u00fade do Servidor<\/p>\n                         <p><span class=\"medium\">E-mail:<\/span> gesaserv@sejus.df.gov.br<\/p>\n                         <p><span class=\"medium\">SEI:<\/span> SEJUS\/COORGEP\/DIRDESP\/GESASERV<\/p>\n                         <p><span class=\"medium\">Respons\u00e1vel por:<\/span> readapta\u00e7\u00e3o funcional; projetos referentes \u00e0 sa\u00fade  mental dos servidores; remo\u00e7\u00e3o por motivo de sa\u00fade; hor\u00e1rio especial para servidores com defici\u00eancia (PCD) ou com dependentes nesta situa\u00e7\u00e3o; avalia\u00e7\u00e3o de capacidade laborativa; encaminhamento ao INSS para servidores sem v\u00ednculo \u2013 aux\u00edlio-doen\u00e7a; acidente de trabalho para servidores sem v\u00ednculo; \u00edndice de Funcionalidade Brasileiro; caracteriza\u00e7\u00e3o de servidor PcD; interlocu\u00e7\u00e3o com a Subsa\u00fade e seus programas; interlocu\u00e7\u00e3o com as comiss\u00f5es de QVT e remanejamento; restri\u00e7\u00e3o tempor\u00e1ria.<\/p>\n                      <\/div>\n\n                  <\/div>\n","protected":false},"excerpt":{"rendered":"<p>Conhe\u00e7a nossa equipe<\/p>\n","protected":false},"author":1,"featured_media":34,"parent":0,"menu_order":0,"comment_status":"closed","ping_status":"closed","template":"","meta":[],"yoast_head":"<!-- This site is optimized with the Yoast SEO plugin v19.7.1 - https:\/\/yoast.com\/wordpress\/plugins\/seo\/ -->\n<title>Quem somos - Aprender SEJUS<\/title>\n<meta name=\"robots\" content=\"index, follow, max-snippet:-1, max-image-preview:large, max-video-preview:-1\" \/>\n<link rel=\"canonical\" href=\"https:\/\/aprender.sejus.df.gov.br\/?page_id=7\" \/>\n<meta property=\"og:locale\" content=\"pt_BR\" \/>\n<meta property=\"og:type\" content=\"article\" \/>\n<meta property=\"og:title\" content=\"Quem somos - Aprender SEJUS\" \/>\n<meta property=\"og:description\" content=\"Conhe\u00e7a nossa equipe\" \/>\n<meta property=\"og:url\" content=\"https:\/\/aprender.sejus.df.gov.br\/?page_id=7\" \/>\n<meta property=\"og:site_name\" content=\"Aprender SEJUS\" \/>\n<meta property=\"article:modified_time\" content=\"2021-09-30T21:14:46+00:00\" \/>\n<meta property=\"og:image\" content=\"https:\/\/aprender.sejus.df.gov.br\/wp-content\/uploads\/2020\/09\/bg-quem-somos.png\" \/>\n\t<meta property=\"og:image:width\" content=\"1366\" \/>\n\t<meta property=\"og:image:height\" content=\"369\" \/>\n\t<meta property=\"og:image:type\" content=\"image\/png\" \/>\n<meta name=\"twitter:card\" content=\"summary_large_image\" \/>\n<meta name=\"twitter:label1\" content=\"Est. reading time\" \/>\n\t<meta name=\"twitter:data1\" content=\"2 minutos\" \/>\n<script type=\"application\/ld+json\" class=\"yoast-schema-graph\">{\"@context\":\"https:\/\/schema.org\",\"@graph\":[{\"@type\":\"WebPage\",\"@id\":\"https:\/\/aprender.sejus.df.gov.br\/?page_id=7\",\"url\":\"https:\/\/aprender.sejus.df.gov.br\/?page_id=7\",\"name\":\"Quem somos - Aprender SEJUS\",\"isPartOf\":{\"@id\":\"http:\/\/aprender.sejus.df.gov.br\/#website\"},\"datePublished\":\"2020-09-25T20:24:11+00:00\",\"dateModified\":\"2021-09-30T21:14:46+00:00\",\"breadcrumb\":{\"@id\":\"https:\/\/aprender.sejus.df.gov.br\/?page_id=7#breadcrumb\"},\"inLanguage\":\"pt-BR\",\"potentialAction\":[{\"@type\":\"ReadAction\",\"target\":[\"https:\/\/aprender.sejus.df.gov.br\/?page_id=7\"]}]},{\"@type\":\"BreadcrumbList\",\"@id\":\"https:\/\/aprender.sejus.df.gov.br\/?page_id=7#breadcrumb\",\"itemListElement\":[{\"@type\":\"ListItem\",\"position\":1,\"name\":\"Home\",\"item\":\"http:\/\/aprender.sejus.df.gov.br\/\"},{\"@type\":\"ListItem\",\"position\":2,\"name\":\"Quem somos\"}]},{\"@type\":\"WebSite\",\"@id\":\"http:\/\/aprender.sejus.df.gov.br\/#website\",\"url\":\"http:\/\/aprender.sejus.df.gov.br\/\",\"name\":\"Aprender SEJUS\",\"description\":\"\",\"publisher\":{\"@id\":\"http:\/\/aprender.sejus.df.gov.br\/#organization\"},\"potentialAction\":[{\"@type\":\"SearchAction\",\"target\":{\"@type\":\"EntryPoint\",\"urlTemplate\":\"http:\/\/aprender.sejus.df.gov.br\/?s={search_term_string}\"},\"query-input\":\"required name=search_term_string\"}],\"inLanguage\":\"pt-BR\"},{\"@type\":\"Organization\",\"@id\":\"http:\/\/aprender.sejus.df.gov.br\/#organization\",\"name\":\"Aprender - SEJUS\",\"url\":\"http:\/\/aprender.sejus.df.gov.br\/\",\"sameAs\":[],\"logo\":{\"@type\":\"ImageObject\",\"inLanguage\":\"pt-BR\",\"@id\":\"http:\/\/aprender.sejus.df.gov.br\/#\/schema\/logo\/image\/\",\"url\":\"https:\/\/aprender.sejus.df.gov.br\/wp-content\/uploads\/2020\/09\/cropped-logo-2.png\",\"contentUrl\":\"https:\/\/aprender.sejus.df.gov.br\/wp-content\/uploads\/2020\/09\/cropped-logo-2.png\",\"width\":85,\"height\":120,\"caption\":\"Aprender - SEJUS\"},\"image\":{\"@id\":\"http:\/\/aprender.sejus.df.gov.br\/#\/schema\/logo\/image\/\"}}]}<\/script>\n<!-- \/ Yoast SEO plugin. -->","yoast_head_json":{"title":"Quem somos - Aprender SEJUS","robots":{"index":"index","follow":"follow","max-snippet":"max-snippet:-1","max-image-preview":"max-image-preview:large","max-video-preview":"max-video-preview:-1"},"canonical":"https:\/\/aprender.sejus.df.gov.br\/?page_id=7","og_locale":"pt_BR","og_type":"article","og_title":"Quem somos - Aprender SEJUS","og_description":"Conhe\u00e7a nossa equipe","og_url":"https:\/\/aprender.sejus.df.gov.br\/?page_id=7","og_site_name":"Aprender SEJUS","article_modified_time":"2021-09-30T21:14:46+00:00","og_image":[{"width":1366,"height":369,"url":"https:\/\/aprender.sejus.df.gov.br\/wp-content\/uploads\/2020\/09\/bg-quem-somos.png","type":"image\/png"}],"twitter_card":"summary_large_image","twitter_misc":{"Est. reading time":"2 minutos"},"schema":{"@context":"https:\/\/schema.org","@graph":[{"@type":"WebPage","@id":"https:\/\/aprender.sejus.df.gov.br\/?page_id=7","url":"https:\/\/aprender.sejus.df.gov.br\/?page_id=7","name":"Quem somos - Aprender SEJUS","isPartOf":{"@id":"http:\/\/aprender.sejus.df.gov.br\/#website"},"datePublished":"2020-09-25T20:24:11+00:00","dateModified":"2021-09-30T21:14:46+00:00","breadcrumb":{"@id":"https:\/\/aprender.sejus.df.gov.br\/?page_id=7#breadcrumb"},"inLanguage":"pt-BR","potentialAction":[{"@type":"ReadAction","target":["https:\/\/aprender.sejus.df.gov.br\/?page_id=7"]}]},{"@type":"BreadcrumbList","@id":"https:\/\/aprender.sejus.df.gov.br\/?page_id=7#breadcrumb","itemListElement":[{"@type":"ListItem","position":1,"name":"Home","item":"http:\/\/aprender.sejus.df.gov.br\/"},{"@type":"ListItem","position":2,"name":"Quem somos"}]},{"@type":"WebSite","@id":"http:\/\/aprender.sejus.df.gov.br\/#website","url":"http:\/\/aprender.sejus.df.gov.br\/","name":"Aprender SEJUS","description":"","publisher":{"@id":"http:\/\/aprender.sejus.df.gov.br\/#organization"},"potentialAction":[{"@type":"SearchAction","target":{"@type":"EntryPoint","urlTemplate":"http:\/\/aprender.sejus.df.gov.br\/?s={search_term_string}"},"query-input":"required name=search_term_string"}],"inLanguage":"pt-BR"},{"@type":"Organization","@id":"http:\/\/aprender.sejus.df.gov.br\/#organization","name":"Aprender - SEJUS","url":"http:\/\/aprender.sejus.df.gov.br\/","sameAs":[],"logo":{"@type":"ImageObject","inLanguage":"pt-BR","@id":"http:\/\/aprender.sejus.df.gov.br\/#\/schema\/logo\/image\/","url":"https:\/\/aprender.sejus.df.gov.br\/wp-content\/uploads\/2020\/09\/cropped-logo-2.png","contentUrl":"https:\/\/aprender.sejus.df.gov.br\/wp-content\/uploads\/2020\/09\/cropped-logo-2.png","width":85,"height":120,"caption":"Aprender - SEJUS"},"image":{"@id":"http:\/\/aprender.sejus.df.gov.br\/#\/schema\/logo\/image\/"}}]}},"_links":{"self":[{"href":"https:\/\/aprender.sejus.df.gov.br\/index.php?rest_route=\/wp\/v2\/pages\/7"}],"collection":[{"href":"https:\/\/aprender.sejus.df.gov.br\/index.php?rest_route=\/wp\/v2\/pages"}],"about":[{"href":"https:\/\/aprender.sejus.df.gov.br\/index.php?rest_route=\/wp\/v2\/types\/page"}],"author":[{"embeddable":true,"href":"https:\/\/aprender.sejus.df.gov.br\/index.php?rest_route=\/wp\/v2\/users\/1"}],"replies":[{"embeddable":true,"href":"https:\/\/aprender.sejus.df.gov.br\/index.php?rest_route=%2Fwp%2Fv2%2Fcomments&post=7"}],"version-history":[{"count":11,"href":"https:\/\/aprender.sejus.df.gov.br\/index.php?rest_route=\/wp\/v2\/pages\/7\/revisions"}],"predecessor-version":[{"id":897,"href":"https:\/\/aprender.sejus.df.gov.br\/index.php?rest_route=\/wp\/v2\/pages\/7\/revisions\/897"}],"wp:featuredmedia":[{"embeddable":true,"href":"https:\/\/aprender.sejus.df.gov.br\/index.php?rest_route=\/wp\/v2\/media\/34"}],"wp:attachment":[{"href":"https:\/\/aprender.sejus.df.gov.br\/index.php?rest_route=%2Fwp%2Fv2%2Fmedia&parent=7"}],"curies":[{"name":"wp","href":"https:\/\/api.w.org\/{rel}","templated":true}]}}