{"id":88,"date":"2020-10-27T13:52:43","date_gmt":"2020-10-27T16:52:43","guid":{"rendered":"http:\/\/aprender.sejus.df.gov.br\/?page_id=88"},"modified":"2021-08-09T15:57:44","modified_gmt":"2021-08-09T18:57:44","slug":"afastamentos","status":"publish","type":"page","link":"https:\/\/aprender.sejus.df.gov.br\/?page_id=88","title":{"rendered":"Afastamentos"},"content":{"rendered":"\r\n<div class=\"col-md-11 offset-md-1 mb-5\">\r\n\r\n      <h3>Afastamentos para estudo dentro do pa\u00eds<\/h3>\r\n      <p>O DECRETO N\u00ba 29.290, DE 22 DE JULHO DE 2008, disp\u00f5e sobre o afastamento para estudo, congressos, semin\u00e1rios ou reuni\u00f5es similares de servidor e empregado da Administra\u00e7\u00e3o P\u00fablica Distrital.<\/p>\r\n      <p>O afastamento para estudo no Distrito Federal somente ser\u00e1 autorizado se houver a comprova\u00e7\u00e3o da incompatibilidade do hor\u00e1rio entre as atividades laborais do servidor e as relativas ao estudo, restrito ao per\u00edodo destinado \u00e0 frequ\u00eancia. <\/p>\r\n<\/div>\r\n\r\n\r\n                    <div class=\"col-md-11 offset-md-1 mb-5 border-left-amarelo\">\r\n                      <h5 class=\"titulo-normativo\">Termo de Ci\u00eancia &#8211; dentro do pa\u00eds<\/h5>\r\n                      <p>Ao se afastar para estudo, o servidor deve assinar o termo no qual declara, ci\u00eancia sobre suas obriga\u00e7\u00f5es ao t\u00e9rmino do afastamento e que o n\u00e3o cumprimento de tal exig\u00eancia incorrer\u00e1 na obriga\u00e7\u00e3o de restituir ao Distrito Federal. <\/p>\r\n                      <a target=\"_blank\" href=\"https:\/\/aprender.sejus.df.gov.br\/wp-content\/uploads\/2020\/12\/Termo-de-Ciencia-no-pais.docx\" rel=\"noopener noreferrer\"><button class=\"btn btn-azul\">Fazer download<\/button><\/a>\r\n                    <\/div>\r\n\r\n                    <div class=\"col-md-11 offset-md-1 mb-5 border-left-amarelo\">\r\n                      <h5 class=\"titulo-normativo\">Cartilha afastamento para estudo<\/h5>\r\n                      <p>Esse guia tem a finalidade de refor\u00e7ar as informa\u00e7\u00f5es e facilitar a compreens\u00e3o do processo de solicita\u00e7\u00e3o do afastamento para estudos. <\/p>\r\n                      <a target=\"_blank\" href=\"..\/..\/wp-content\/uploads\/2020\/10\/CARTILHA-AFASTAMENTO-PARA-ESTUDO.pdf\" rel=\"noopener noreferrer\"><button class=\"btn btn-azul\">Fazer download<\/button><\/a>\r\n                    <\/div>\r\n\r\n<div class=\"col-md-11 offset-md-1 mb-5 border-left-amarelo\">\r\n                      <h5 class=\"titulo-normativo\">Instru\u00e7\u00f5es Sobre A Anu\u00eancia Da Chefia Imediata Para Afastamento Para Estudos<\/h5>\r\n                      <p>Ao solicitar o afastamento para estudo, o servidor deve apresentar tamb\u00e9m a anu\u00eancia da chefia imediata.<\/p>\r\n                      <a target=\"_blank\" href=\"..\/..\/wp-content\/uploads\/2020\/10\/INSTRUCOES-SOBRE-A-ANUENCIA-DA-CHEFIA-IMEDIATA-PARA-AFASTAMENTO-PARA-ESTUDOS.pdf\" rel=\"noopener noreferrer\"><button class=\"btn btn-azul\">Fazer download<\/button><\/a>\r\n                    <\/div>\r\n\r\n<div class=\"col-md-11 offset-md-1 mb-5 pt-5\">\r\n      <h3>Afastamentos para estudo fora do Pa\u00eds<\/h3>\r\n       <p> Segundo o Decreto 29.290 de 22\/07\/2008 em seu Art. 5\u00ba O afastamento para estudo fora do Distrito Federal, somente ser\u00e1 concedido quando ocorrer umas das seguintes condi\u00e7\u00f5es:\r\n\r\nI \u2013 inexist\u00eancia de mesmo curso disponibilizado em institui\u00e7\u00e3o do Distrito Federal; ou\r\n\r\nII \u2013 a institui\u00e7\u00e3o promotora seja reconhecida pelas atividades de ensino, pesquisa e de extens\u00e3o, que contemplem programas de especializa\u00e7\u00e3o, mestrado ou de doutorado em funcionamento regular. <\/p>\r\n<\/div>\r\n\r\n<div class=\"col-md-11 offset-md-1 mb-5 border-left-amarelo\">\r\n                      <h5 class=\"titulo-normativo\">Termo de Ci\u00eancia &#8211; no exterior<\/h5>\r\n                      <p>Assim como no afastamento para estudo dentro do Pa\u00eds, o servidor deve assinar o termo no qual declara, ci\u00eancia sobre suas obriga\u00e7\u00f5es ao t\u00e9rmino do afastamento e que o n\u00e3o cumprimento de tal exig\u00eancia incorrer\u00e1 na obriga\u00e7\u00e3o de restituir ao Distrito Federal. <\/p>\r\n                      <a target=\"_blank\" href=\"https:\/\/aprender.sejus.df.gov.br\/wp-content\/uploads\/2020\/12\/Termo-de-ciencia-exterior.docx\" rel=\"noopener noreferrer\"><button class=\"btn btn-azul\">Fazer download<\/button><\/a>\r\n                    <\/div>\r\n\r\n                    \r\n                    \r\n                    <div class=\"col-md-11 offset-md-1 mb-5 border-left-amarelo\">\r\n                      <h5 class=\"titulo-normativo\">Portaria Normativa N\u00ba 22, De 13 De Dezembro De 2016<\/h5>\r\n                      <p>Disp\u00f5e sobre normas e procedimentos gerais de tramita\u00e7\u00e3o de processos de solicita\u00e7\u00e3o de revalida\u00e7\u00e3o de diplomas de gradua\u00e7\u00e3o estrangeiros e ao reconhecimento de diplomas de p\u00f3s-gradua\u00e7\u00e3o stricto sensu (mestrado e doutorado), expedidos por estabelecimentos estrangeiros de ensino superior.\r\n<\/p>\r\n                      <a target=\"_blank\" href=\"..\/..\/wp-content\/uploads\/2020\/10\/PORTARIA-NORMATIVA-No-22-DE-13-DE-DEZEMBRO-DE-2016-Imprensa-Nacional.pdf\" rel=\"noopener noreferrer\"><button class=\"btn btn-azul\">Fazer download<\/button><\/a>\r\n                    <\/div>\r\n<div class=\"col-md-11 offset-md-1 mb-5 border-left-amarelo\">\r\n                    \r\n<h5 class=\"titulo-normativo\">PARECER JUR\u00cdDICO n.\u00ba 845\/2018 &#8211; PGDF\/GAB\/PRCON  <\/h5>\r\n                      <p>Disp\u00f5e sobre o afastamento do servidor cedido para outro \u00f3rg\u00e3o. <\/p>\r\n                      <a target=\"_blank\" href=\"..\/..\/wp-content\/uploads\/2020\/10\/PRCON.0845.2018SEI-SERVIDOR-CEDIDO.pdf\" rel=\"noopener noreferrer\"><button class=\"btn btn-azul\">Fazer download<\/button><\/a>\r\n                    <\/div>\r\n\r\n                    <div class=\"col-md-11 offset-md-1 mb-5 border-left-amarelo\">\r\n\r\n<h5 class=\"titulo-normativo\">INSTRU\u00c7\u00c3O NORMATIVA N\u00ba 1, DE 14 DE MAIO DE 2014<\/h5>\r\n                      <p>Disp\u00f5e sobre a concess\u00e3o de f\u00e9rias, o pagamento do\r\nd\u00e9cimo terceiro sal\u00e1rio e o acerto financeiro ao servidor\r\np\u00fablico da administra\u00e7\u00e3o direta, aut\u00e1rquica e fundacional\r\ndo Poder Executivo. <\/p>\r\n                      <a target=\"_blank\" href=\"https:\/\/aprender.sejus.df.gov.br\/wp-content\/uploads\/2020\/12\/Instrucao-Normativa-1-de-14_05_2014.pdf\" rel=\"noopener noreferrer\"><button class=\"btn btn-azul\">Fazer download<\/button><\/a>\r\n                    <\/div>\r\n\r\n                    \r\n\r\n                <\/div>\r\n","protected":false},"excerpt":{"rendered":"<p>Download de afastamentos<\/p>\n","protected":false},"author":1,"featured_media":39,"parent":0,"menu_order":0,"comment_status":"closed","ping_status":"closed","template":"","meta":[],"yoast_head":"<!-- This site is optimized with the Yoast SEO plugin v19.7.1 - https:\/\/yoast.com\/wordpress\/plugins\/seo\/ -->\n<title>Afastamentos - Aprender SEJUS<\/title>\n<meta name=\"robots\" content=\"index, follow, max-snippet:-1, max-image-preview:large, max-video-preview:-1\" \/>\n<link rel=\"canonical\" href=\"https:\/\/aprender.sejus.df.gov.br\/?page_id=88\" \/>\n<meta property=\"og:locale\" content=\"pt_BR\" \/>\n<meta property=\"og:type\" content=\"article\" \/>\n<meta property=\"og:title\" content=\"Afastamentos - Aprender SEJUS\" \/>\n<meta property=\"og:description\" content=\"Download de afastamentos\" \/>\n<meta property=\"og:url\" content=\"https:\/\/aprender.sejus.df.gov.br\/?page_id=88\" \/>\n<meta property=\"og:site_name\" content=\"Aprender SEJUS\" \/>\n<meta property=\"article:modified_time\" content=\"2021-08-09T18:57:44+00:00\" \/>\n<meta property=\"og:image\" content=\"https:\/\/aprender.sejus.df.gov.br\/wp-content\/uploads\/2020\/09\/bg-normativozsx.png\" \/>\n\t<meta property=\"og:image:width\" content=\"1365\" \/>\n\t<meta property=\"og:image:height\" content=\"370\" \/>\n\t<meta property=\"og:image:type\" content=\"image\/png\" \/>\n<meta name=\"twitter:card\" content=\"summary_large_image\" \/>\n<meta name=\"twitter:label1\" content=\"Est. reading time\" \/>\n\t<meta name=\"twitter:data1\" content=\"2 minutos\" \/>\n<script type=\"application\/ld+json\" class=\"yoast-schema-graph\">{\"@context\":\"https:\/\/schema.org\",\"@graph\":[{\"@type\":\"WebPage\",\"@id\":\"https:\/\/aprender.sejus.df.gov.br\/?page_id=88\",\"url\":\"https:\/\/aprender.sejus.df.gov.br\/?page_id=88\",\"name\":\"Afastamentos - Aprender SEJUS\",\"isPartOf\":{\"@id\":\"http:\/\/aprender.sejus.df.gov.br\/#website\"},\"datePublished\":\"2020-10-27T16:52:43+00:00\",\"dateModified\":\"2021-08-09T18:57:44+00:00\",\"breadcrumb\":{\"@id\":\"https:\/\/aprender.sejus.df.gov.br\/?page_id=88#breadcrumb\"},\"inLanguage\":\"pt-BR\",\"potentialAction\":[{\"@type\":\"ReadAction\",\"target\":[\"https:\/\/aprender.sejus.df.gov.br\/?page_id=88\"]}]},{\"@type\":\"BreadcrumbList\",\"@id\":\"https:\/\/aprender.sejus.df.gov.br\/?page_id=88#breadcrumb\",\"itemListElement\":[{\"@type\":\"ListItem\",\"position\":1,\"name\":\"Home\",\"item\":\"http:\/\/aprender.sejus.df.gov.br\/\"},{\"@type\":\"ListItem\",\"position\":2,\"name\":\"Afastamentos\"}]},{\"@type\":\"WebSite\",\"@id\":\"http:\/\/aprender.sejus.df.gov.br\/#website\",\"url\":\"http:\/\/aprender.sejus.df.gov.br\/\",\"name\":\"Aprender SEJUS\",\"description\":\"\",\"publisher\":{\"@id\":\"http:\/\/aprender.sejus.df.gov.br\/#organization\"},\"potentialAction\":[{\"@type\":\"SearchAction\",\"target\":{\"@type\":\"EntryPoint\",\"urlTemplate\":\"http:\/\/aprender.sejus.df.gov.br\/?s={search_term_string}\"},\"query-input\":\"required name=search_term_string\"}],\"inLanguage\":\"pt-BR\"},{\"@type\":\"Organization\",\"@id\":\"http:\/\/aprender.sejus.df.gov.br\/#organization\",\"name\":\"Aprender - SEJUS\",\"url\":\"http:\/\/aprender.sejus.df.gov.br\/\",\"sameAs\":[],\"logo\":{\"@type\":\"ImageObject\",\"inLanguage\":\"pt-BR\",\"@id\":\"http:\/\/aprender.sejus.df.gov.br\/#\/schema\/logo\/image\/\",\"url\":\"https:\/\/aprender.sejus.df.gov.br\/wp-content\/uploads\/2020\/09\/cropped-logo-2.png\",\"contentUrl\":\"https:\/\/aprender.sejus.df.gov.br\/wp-content\/uploads\/2020\/09\/cropped-logo-2.png\",\"width\":85,\"height\":120,\"caption\":\"Aprender - SEJUS\"},\"image\":{\"@id\":\"http:\/\/aprender.sejus.df.gov.br\/#\/schema\/logo\/image\/\"}}]}<\/script>\n<!-- \/ Yoast SEO plugin. -->","yoast_head_json":{"title":"Afastamentos - Aprender SEJUS","robots":{"index":"index","follow":"follow","max-snippet":"max-snippet:-1","max-image-preview":"max-image-preview:large","max-video-preview":"max-video-preview:-1"},"canonical":"https:\/\/aprender.sejus.df.gov.br\/?page_id=88","og_locale":"pt_BR","og_type":"article","og_title":"Afastamentos - Aprender SEJUS","og_description":"Download de afastamentos","og_url":"https:\/\/aprender.sejus.df.gov.br\/?page_id=88","og_site_name":"Aprender SEJUS","article_modified_time":"2021-08-09T18:57:44+00:00","og_image":[{"width":1365,"height":370,"url":"https:\/\/aprender.sejus.df.gov.br\/wp-content\/uploads\/2020\/09\/bg-normativozsx.png","type":"image\/png"}],"twitter_card":"summary_large_image","twitter_misc":{"Est. reading time":"2 minutos"},"schema":{"@context":"https:\/\/schema.org","@graph":[{"@type":"WebPage","@id":"https:\/\/aprender.sejus.df.gov.br\/?page_id=88","url":"https:\/\/aprender.sejus.df.gov.br\/?page_id=88","name":"Afastamentos - Aprender SEJUS","isPartOf":{"@id":"http:\/\/aprender.sejus.df.gov.br\/#website"},"datePublished":"2020-10-27T16:52:43+00:00","dateModified":"2021-08-09T18:57:44+00:00","breadcrumb":{"@id":"https:\/\/aprender.sejus.df.gov.br\/?page_id=88#breadcrumb"},"inLanguage":"pt-BR","potentialAction":[{"@type":"ReadAction","target":["https:\/\/aprender.sejus.df.gov.br\/?page_id=88"]}]},{"@type":"BreadcrumbList","@id":"https:\/\/aprender.sejus.df.gov.br\/?page_id=88#breadcrumb","itemListElement":[{"@type":"ListItem","position":1,"name":"Home","item":"http:\/\/aprender.sejus.df.gov.br\/"},{"@type":"ListItem","position":2,"name":"Afastamentos"}]},{"@type":"WebSite","@id":"http:\/\/aprender.sejus.df.gov.br\/#website","url":"http:\/\/aprender.sejus.df.gov.br\/","name":"Aprender SEJUS","description":"","publisher":{"@id":"http:\/\/aprender.sejus.df.gov.br\/#organization"},"potentialAction":[{"@type":"SearchAction","target":{"@type":"EntryPoint","urlTemplate":"http:\/\/aprender.sejus.df.gov.br\/?s={search_term_string}"},"query-input":"required name=search_term_string"}],"inLanguage":"pt-BR"},{"@type":"Organization","@id":"http:\/\/aprender.sejus.df.gov.br\/#organization","name":"Aprender - SEJUS","url":"http:\/\/aprender.sejus.df.gov.br\/","sameAs":[],"logo":{"@type":"ImageObject","inLanguage":"pt-BR","@id":"http:\/\/aprender.sejus.df.gov.br\/#\/schema\/logo\/image\/","url":"https:\/\/aprender.sejus.df.gov.br\/wp-content\/uploads\/2020\/09\/cropped-logo-2.png","contentUrl":"https:\/\/aprender.sejus.df.gov.br\/wp-content\/uploads\/2020\/09\/cropped-logo-2.png","width":85,"height":120,"caption":"Aprender - SEJUS"},"image":{"@id":"http:\/\/aprender.sejus.df.gov.br\/#\/schema\/logo\/image\/"}}]}},"_links":{"self":[{"href":"https:\/\/aprender.sejus.df.gov.br\/index.php?rest_route=\/wp\/v2\/pages\/88"}],"collection":[{"href":"https:\/\/aprender.sejus.df.gov.br\/index.php?rest_route=\/wp\/v2\/pages"}],"about":[{"href":"https:\/\/aprender.sejus.df.gov.br\/index.php?rest_route=\/wp\/v2\/types\/page"}],"author":[{"embeddable":true,"href":"https:\/\/aprender.sejus.df.gov.br\/index.php?rest_route=\/wp\/v2\/users\/1"}],"replies":[{"embeddable":true,"href":"https:\/\/aprender.sejus.df.gov.br\/index.php?rest_route=%2Fwp%2Fv2%2Fcomments&post=88"}],"version-history":[{"count":44,"href":"https:\/\/aprender.sejus.df.gov.br\/index.php?rest_route=\/wp\/v2\/pages\/88\/revisions"}],"predecessor-version":[{"id":793,"href":"https:\/\/aprender.sejus.df.gov.br\/index.php?rest_route=\/wp\/v2\/pages\/88\/revisions\/793"}],"wp:featuredmedia":[{"embeddable":true,"href":"https:\/\/aprender.sejus.df.gov.br\/index.php?rest_route=\/wp\/v2\/media\/39"}],"wp:attachment":[{"href":"https:\/\/aprender.sejus.df.gov.br\/index.php?rest_route=%2Fwp%2Fv2%2Fmedia&parent=88"}],"curies":[{"name":"wp","href":"https:\/\/api.w.org\/{rel}","templated":true}]}}